{"id":9066,"date":"2022-02-22T12:49:03","date_gmt":"2022-02-22T15:49:03","guid":{"rendered":"https:\/\/uat.forenease.com\/?post_type=product&#038;p=9066"},"modified":"2022-08-04T16:50:12","modified_gmt":"2022-08-04T19:50:12","slug":"protectbox-techbiz","status":"publish","type":"product","link":"https:\/\/uat.forenease.com\/en\/product\/protectbox-techbiz\/","title":{"rendered":"ProtectBox TechBiz"},"content":{"rendered":"<p>With ProtectBox you will be able to perform the most diverse data extraction and cloning jobs, with the support of the most advanced technology available in this area of activity and you will also be able to perform your disk images with great safety and efficiency. Along with ProtectBox there is a series of adapters for the most diverse types of disks (SAS\/SATA, SSD, NVMe, etc.) that allow quick access to all these media.<\/p>\n<p class=\" translation-block\"><strong>ProtectBox 2 Kit<\/strong><br>\nTalon \u2013 Multi-Destination, Multi-Source Forensic Imaging Solution.<br>\nWrite Protect Desktop \u2013 Standalone Version Of Forensic Write Blocker.<br>\nAdapters \u2013 Pc Ie Adapter Kit For M.2 PcIe, M.2 NVMe, mSATA SSD and PCIe Cards, mini-PCIe cards, F-ADP-M.2-PCIE, F-ADP-M.2-SATA, F- ADP-Z-MSATA, F-ADP-MINI-PCIE<\/p>\n<p><strong>Kit ProtectBox 2<\/strong><br \/>\nTalon &#8211; Solu\u00e7\u00e3o De Imagem Forense De M\u00faltiplos Destinos E M\u00faltiplas Fontes.<br \/>\nWrite Protect Desktop \u2013 Standalone Version Of Forensic Write Blocker.<br \/>\nAdaptadores &#8211; Kit Adaptador Pc Ie Para Placas M.2 PcIe, M.2 NVMe, mSATA SSD e PCIe, placas mini-PCIe, F-ADP-M.2-PCIE, F-ADP-M.2-SATA, F-ADP-Z-MSATA, F-ADP-MINI-PCIE<\/p>","protected":false},"excerpt":{"rendered":"<p>ProtectBox is the most efficient portable forensic imaging kit on the market, aimed at blocking writing and extracting data from traditional media devices (HDD disks, SSD disks, NVMe disks, thumb drives, external HDs, etc.).<\/p>\n<p>Discover this new product developed by TechBiz and make your images faster and safer.<\/p>","protected":false},"featured_media":9068,"template":"","meta":[],"product_cat":[120,121,113,95,93,94],"product_tag":[],"_links":{"self":[{"href":"https:\/\/uat.forenease.com\/en\/wp-json\/wp\/v2\/product\/9066"}],"collection":[{"href":"https:\/\/uat.forenease.com\/en\/wp-json\/wp\/v2\/product"}],"about":[{"href":"https:\/\/uat.forenease.com\/en\/wp-json\/wp\/v2\/types\/product"}],"wp:featuredmedia":[{"embeddable":true,"href":"https:\/\/uat.forenease.com\/en\/wp-json\/wp\/v2\/media\/9068"}],"wp:attachment":[{"href":"https:\/\/uat.forenease.com\/en\/wp-json\/wp\/v2\/media?parent=9066"}],"wp:term":[{"taxonomy":"product_cat","embeddable":true,"href":"https:\/\/uat.forenease.com\/en\/wp-json\/wp\/v2\/product_cat?post=9066"},{"taxonomy":"product_tag","embeddable":true,"href":"https:\/\/uat.forenease.com\/en\/wp-json\/wp\/v2\/product_tag?post=9066"}],"curies":[{"name":"wp","href":"https:\/\/api.w.org\/{rel}","templated":true}]}}