{"id":8039,"date":"2022-01-14T20:07:37","date_gmt":"2022-01-14T23:07:37","guid":{"rendered":"https:\/\/uat.forenease.com\/produto\/veriato-investigator\/"},"modified":"2022-08-04T16:50:13","modified_gmt":"2022-08-04T19:50:13","slug":"veriato-investigator","status":"publish","type":"product","link":"https:\/\/uat.forenease.com\/en\/product\/veriato-investigator\/","title":{"rendered":"Veriato Investigator"},"content":{"rendered":"","protected":false},"excerpt":{"rendered":"<p>Software de investiga\u00e7\u00e3o de atividades dos equipamentos utilizados por membros de uma equipe, que auxilia no entendimento da diminui\u00e7\u00e3o de produtividade dos funcion\u00e1rios, registrando quanto tempo cada colaborador gasta em atividades n\u00e3o relacionadas ao trabalho.<br \/>\nInstala em minutos. Fornece as evid\u00eancias de que voc\u00ea precisa em segundos!<\/p>\n<p>Veriato Investigator is an important tool in conducting HR investigations into cases of suspected harassment, inappropriate web, email, webmail and social media communications.<\/p>\n<p class=\" translation-block\">The software records all activities on the employee's computer, creating a record that can be used as evidence in civil and criminal litigation. Recordings are encrypted, stored and password protected. The solution captures and records activities on websites, recording e-mails, documents the history of chats and instant messages, tracks files and documents, controls prints performed, records copied and deleted documents, monitors the use of apps.<br>\nIdentify, investigate and complete internal assessments faster with Veriato Investigator<\/p>","protected":false},"featured_media":8748,"template":"","meta":[],"product_cat":[118,124,125,112,113,95],"product_tag":[],"_links":{"self":[{"href":"https:\/\/uat.forenease.com\/en\/wp-json\/wp\/v2\/product\/8039"}],"collection":[{"href":"https:\/\/uat.forenease.com\/en\/wp-json\/wp\/v2\/product"}],"about":[{"href":"https:\/\/uat.forenease.com\/en\/wp-json\/wp\/v2\/types\/product"}],"wp:featuredmedia":[{"embeddable":true,"href":"https:\/\/uat.forenease.com\/en\/wp-json\/wp\/v2\/media\/8748"}],"wp:attachment":[{"href":"https:\/\/uat.forenease.com\/en\/wp-json\/wp\/v2\/media?parent=8039"}],"wp:term":[{"taxonomy":"product_cat","embeddable":true,"href":"https:\/\/uat.forenease.com\/en\/wp-json\/wp\/v2\/product_cat?post=8039"},{"taxonomy":"product_tag","embeddable":true,"href":"https:\/\/uat.forenease.com\/en\/wp-json\/wp\/v2\/product_tag?post=8039"}],"curies":[{"name":"wp","href":"https:\/\/api.w.org\/{rel}","templated":true}]}}